{"id":277,"date":"2023-06-29T15:28:23","date_gmt":"2023-06-29T13:28:23","guid":{"rendered":"https:\/\/www.campingsannicolo.com\/?page_id=277"},"modified":"2023-06-29T16:03:44","modified_gmt":"2023-06-29T14:03:44","slug":"por-fesr","status":"publish","type":"page","link":"https:\/\/www.campingsannicolo.com\/it\/por-fesr\/","title":{"rendered":"por-fesr"},"content":{"rendered":"<div class=\"wpb-content-wrapper\"><p>[vc_row][vc_column width=&#8221;5\/6&#8243;][vc_single_image image=&#8221;281&#8243; img_size=&#8221;176&#215;150&#8243;][\/vc_column][vc_column width=&#8221;1\/6&#8243;][vc_column_text]<\/p>\n<h1>UNA REGIONE +COMPETITIVA<\/h1>\n<p>[\/vc_column_text][\/vc_column][\/vc_row][vc_row][vc_column][vc_column_text]<\/p>\n<h1>ASSE 3 AZIONE 3.4 D<\/h1>\n<h2>Fabulous<\/h2>\n<h4>Contributo concesso euro 290.432,50<\/h4>\n<h2><strong>FABULOUS<\/strong><\/h2>\n<p>Feel Active, Be Unique. Land Of Unusual Synergies (F.A.B.U.lous)<\/p>\n<p>POR FESR 2014-2020, Asse 3. Azione 3.4 D \u2013 Delibera di Giunta regionale n. 1426 del 1 ottobre 2019. \u201cBando per l\u2019attivazione, sviluppo, consolidamento di aggregazioni di PMI per interventi che favoriscano l\u2019orientamento alla domanda turistica e ai mercati internazionali \u2013 Promozione\u201d<\/p>\n<p>Il progetto propone lo sviluppo di un modello innovativo di offerta turistica outdoor sostenuto da un\u2019aggregazione di imprese che compartecipano nell\u2019attuazione di azioni orientate, in particolare, alla domanda dei mercati delle aree di Vancouver (Canada) e Los Angeles (USA).<\/p>\n<p>Si prende in considerazione la filiera collegata all\u2019outdoor, soprattutto cicloturismo, running, escursionismo e simili.<\/p>\n<p>L\u2019intento \u00e8 valorizzare un segmento di attrattivit\u00e0 che interessa un pubblico internazionale sempre pi\u00f9 vasto e in<br \/>\nespansione, sviluppando il prodotto turistico attraverso la variegata offerta dei territori veneti: dalle Dolomiti al mare e alla laguna veneta, passando per la Pedemontana, i laghi e le citt\u00e0 d\u2019arte. Il piano di interventi prevede l\u2019effettuazione di analisi di mercato, la ricerca di partner stranieri, l\u2019adeguamento delle aziende e la costruzione di un prodotto turistico costituito da un\u2019offerta di pacchetti esperienziali legati al concetto di \u201cvivere il Veneto\u201d.<\/p>\n<p>Tra le azioni di promozione sono in programma eductour, partecipazione a fiere, incontri domanda-offerta e la messa in rete di importanti eventi sportivi veneti di successo.<\/p>\n<p>Partecipano aziende di vendita e noleggio di attrezzatura sportiva, hotel e ristoranti, agenzie di eventi, servizi di trasporto, guide turistiche.<\/p>\n<p>[\/vc_column_text][\/vc_column][\/vc_row]<\/p>\n<\/div>","protected":false},"excerpt":{"rendered":"<p>[vc_row][vc_column width=&#8221;5\/6&#8243;][vc_single_image image=&#8221;281&#8243; img_size=&#8221;176&#215;150&#8243;][\/vc_column][vc_column width=&#8221;1\/6&#8243;][vc_column_text] UNA REGIONE +COMPETITIVA [\/vc_column_text][\/vc_column][\/vc_row][vc_row][vc_column][vc_column_text] ASSE 3 AZIONE 3.4 D Fabulous Contributo concesso euro 290.432,50 FABULOUS Feel Active, Be Unique. Land Of<span class=\"excerpt-hellip\"> [\u2026]<\/span><\/p>\n","protected":false},"author":1,"featured_media":0,"parent":0,"menu_order":0,"comment_status":"closed","ping_status":"closed","template":"","meta":{"footnotes":""},"class_list":["post-277","page","type-page","status-publish","hentry"],"_links":{"self":[{"href":"https:\/\/www.campingsannicolo.com\/it\/wp-json\/wp\/v2\/pages\/277","targetHints":{"allow":["GET"]}}],"collection":[{"href":"https:\/\/www.campingsannicolo.com\/it\/wp-json\/wp\/v2\/pages"}],"about":[{"href":"https:\/\/www.campingsannicolo.com\/it\/wp-json\/wp\/v2\/types\/page"}],"author":[{"embeddable":true,"href":"https:\/\/www.campingsannicolo.com\/it\/wp-json\/wp\/v2\/users\/1"}],"replies":[{"embeddable":true,"href":"https:\/\/www.campingsannicolo.com\/it\/wp-json\/wp\/v2\/comments?post=277"}],"version-history":[{"count":5,"href":"https:\/\/www.campingsannicolo.com\/it\/wp-json\/wp\/v2\/pages\/277\/revisions"}],"predecessor-version":[{"id":284,"href":"https:\/\/www.campingsannicolo.com\/it\/wp-json\/wp\/v2\/pages\/277\/revisions\/284"}],"wp:attachment":[{"href":"https:\/\/www.campingsannicolo.com\/it\/wp-json\/wp\/v2\/media?parent=277"}],"curies":[{"name":"wp","href":"https:\/\/api.w.org\/{rel}","templated":true}]}}